{"id":842,"date":"2021-05-13T15:04:57","date_gmt":"2021-05-13T20:04:57","guid":{"rendered":"https:\/\/giracom.com.co\/giracom\/?page_id=842"},"modified":"2021-05-13T15:05:36","modified_gmt":"2021-05-13T20:05:36","slug":"memorandos","status":"publish","type":"page","link":"https:\/\/giracom.com.co\/giracom\/index.php\/memorandos\/","title":{"rendered":"Memorandos"},"content":{"rendered":"\t\t<div data-elementor-type=\"wp-page\" data-elementor-id=\"842\" class=\"elementor elementor-842\">\n\t\t\t\t\t\t<section class=\"elementor-section elementor-top-section elementor-element elementor-element-9e6d0b6 elementor-section-boxed elementor-section-height-default elementor-section-height-default\" data-id=\"9e6d0b6\" data-element_type=\"section\">\n\t\t\t\t\t\t<div class=\"elementor-container elementor-column-gap-default\">\n\t\t\t\t\t<div class=\"elementor-column elementor-col-100 elementor-top-column elementor-element elementor-element-9c6a3fd\" data-id=\"9c6a3fd\" data-element_type=\"column\">\n\t\t\t<div class=\"elementor-widget-wrap elementor-element-populated\">\n\t\t\t\t\t\t<div class=\"elementor-element elementor-element-0d8e7a1 elementor-widget elementor-widget-html\" data-id=\"0d8e7a1\" data-element_type=\"widget\" data-widget_type=\"html.default\">\n\t\t\t\t<div class=\"elementor-widget-container\">\n\t\t\t\t\t\n<table id=\"tablepress-4\" class=\"tablepress tablepress-id-4\">\n<thead>\n<tr class=\"row-1\">\n\t<th class=\"column-1\">MEMORANDO<\/th><th class=\"column-2\">DE<\/th><th class=\"column-3\">PARA<\/th><th class=\"column-4\">ASUNDO<\/th><th class=\"column-5\">FECHA<\/th><th class=\"column-6\">A\u00d1O<\/th>\n<\/tr>\n<\/thead>\n<tbody class=\"row-striping row-hover\">\n<tr class=\"row-2\">\n\t<td class=\"column-1\"><a href=\"https:\/\/giracom.com.co\/giracom\/wp-content\/uploads\/2021\/05\/MEMORANDO-001-1.pdf\">MEMORANDO 001<\/a><\/td><td class=\"column-2\">GIRACOM<\/td><td class=\"column-3\">Proveedores y contratistas<\/td><td class=\"column-4\">Programaci\u00f3n de recepci\u00f3n de facturaci\u00f3n<\/td><td class=\"column-5\">13 de Mayo<\/td><td class=\"column-6\">2021<\/td>\n<\/tr>\n<tr class=\"row-3\">\n\t<td class=\"column-1\"><a href=\"https:\/\/giracom.com.co\/giracom\/wp-content\/uploads\/2021\/05\/MEMORANDO-002.pdf\">MEMORANDO 002<\/a><\/td><td class=\"column-2\">GIRACOM<\/td><td class=\"column-3\">Proveedores<\/td><td class=\"column-4\">Facturaci\u00f3n electr\u00f3nica<\/td><td class=\"column-5\">25 de Mayo<\/td><td class=\"column-6\">2021<\/td>\n<\/tr>\n<\/tbody>\n<\/table>\n<!-- #tablepress-4 from cache -->\t\t\t\t<\/div>\n\t\t\t\t<\/div>\n\t\t\t\t\t<\/div>\n\t\t<\/div>\n\t\t\t\t\t<\/div>\n\t\t<\/section>\n\t\t\t\t<\/div>\n\t\t","protected":false},"excerpt":{"rendered":"","protected":false},"author":1,"featured_media":0,"parent":0,"menu_order":0,"comment_status":"closed","ping_status":"closed","template":"","meta":{"om_disable_all_campaigns":false,"_monsterinsights_skip_tracking":false,"_monsterinsights_sitenote_active":false,"_monsterinsights_sitenote_note":"","_monsterinsights_sitenote_category":0,"footnotes":""},"class_list":["post-842","page","type-page","status-publish","hentry"],"aioseo_notices":[],"blog_post_layout_featured_media_urls":{"thumbnail":"","full":""},"categories_names":null,"comments_number":"0","wpmagazine_modules_lite_featured_media_urls":{"thumbnail":"","cvmm-medium":"","cvmm-medium-plus":"","cvmm-portrait":"","cvmm-medium-square":"","cvmm-large":"","cvmm-small":"","full":""},"_links":{"self":[{"href":"https:\/\/giracom.com.co\/giracom\/index.php\/wp-json\/wp\/v2\/pages\/842","targetHints":{"allow":["GET"]}}],"collection":[{"href":"https:\/\/giracom.com.co\/giracom\/index.php\/wp-json\/wp\/v2\/pages"}],"about":[{"href":"https:\/\/giracom.com.co\/giracom\/index.php\/wp-json\/wp\/v2\/types\/page"}],"author":[{"embeddable":true,"href":"https:\/\/giracom.com.co\/giracom\/index.php\/wp-json\/wp\/v2\/users\/1"}],"replies":[{"embeddable":true,"href":"https:\/\/giracom.com.co\/giracom\/index.php\/wp-json\/wp\/v2\/comments?post=842"}],"version-history":[{"count":4,"href":"https:\/\/giracom.com.co\/giracom\/index.php\/wp-json\/wp\/v2\/pages\/842\/revisions"}],"predecessor-version":[{"id":848,"href":"https:\/\/giracom.com.co\/giracom\/index.php\/wp-json\/wp\/v2\/pages\/842\/revisions\/848"}],"wp:attachment":[{"href":"https:\/\/giracom.com.co\/giracom\/index.php\/wp-json\/wp\/v2\/media?parent=842"}],"curies":[{"name":"wp","href":"https:\/\/api.w.org\/{rel}","templated":true}]}}