{"id":724,"date":"2021-05-12T19:16:09","date_gmt":"2021-05-12T19:16:09","guid":{"rendered":"https:\/\/giracom.com.co\/giracom\/?page_id=724"},"modified":"2021-05-12T19:20:06","modified_gmt":"2021-05-12T19:20:06","slug":"nosotros","status":"publish","type":"page","link":"https:\/\/giracom.com.co\/giracom\/index.php\/nosotros\/","title":{"rendered":"Nosotros"},"content":{"rendered":"\t\t<div data-elementor-type=\"wp-page\" data-elementor-id=\"724\" class=\"elementor elementor-724\">\n\t\t\t\t\t\t<section class=\"elementor-section elementor-top-section elementor-element elementor-element-1a1fdb9 elementor-section-boxed elementor-section-height-default elementor-section-height-default\" data-id=\"1a1fdb9\" data-element_type=\"section\">\n\t\t\t\t\t\t<div class=\"elementor-container elementor-column-gap-default\">\n\t\t\t\t\t<div class=\"elementor-column elementor-col-100 elementor-top-column elementor-element elementor-element-9868bd2\" data-id=\"9868bd2\" data-element_type=\"column\">\n\t\t\t<div class=\"elementor-widget-wrap elementor-element-populated\">\n\t\t\t\t\t\t<div class=\"elementor-element elementor-element-4e411f9 elementor-widget elementor-widget-heading\" data-id=\"4e411f9\" data-element_type=\"widget\" data-widget_type=\"heading.default\">\n\t\t\t\t<div class=\"elementor-widget-container\">\n\t\t\t\t\t<h2 class=\"elementor-heading-title elementor-size-default\">NATURALEZA JUR\u00cdDICA DE LA ENTIDAD<\/h2>\t\t\t\t<\/div>\n\t\t\t\t<\/div>\n\t\t\t\t\t<\/div>\n\t\t<\/div>\n\t\t\t\t\t<\/div>\n\t\t<\/section>\n\t\t\t\t<section class=\"elementor-section elementor-top-section elementor-element elementor-element-15751b8 elementor-section-boxed elementor-section-height-default elementor-section-height-default\" data-id=\"15751b8\" data-element_type=\"section\">\n\t\t\t\t\t\t<div class=\"elementor-container elementor-column-gap-default\">\n\t\t\t\t\t<div class=\"elementor-column elementor-col-100 elementor-top-column elementor-element elementor-element-122fc09\" data-id=\"122fc09\" data-element_type=\"column\">\n\t\t\t<div class=\"elementor-widget-wrap elementor-element-populated\">\n\t\t\t\t\t\t<div class=\"elementor-element elementor-element-6f8b34d elementor-widget elementor-widget-text-editor\" data-id=\"6f8b34d\" data-element_type=\"widget\" data-widget_type=\"text-editor.default\">\n\t\t\t\t<div class=\"elementor-widget-container\">\n\t\t\t\t\t\t\t\t\t<p>La Empresa para la Competitividad Territorial del Municipio de Girardota \u201cGIRACOM\u201d, es una Empresa Industrial y Comercial del Estado del orden municipal, creada mediante Decreto Municipal No. 021 del a\u00f1o 2021, cuenta con personer\u00eda jur\u00eddica, autonom\u00eda administrativa, financiera, jur\u00eddica y contractual, as\u00ed mismo cuenta con patrimonio propio y capital independiente y tiene por objeto: <em>\u201cGestionar, liderar, promover, ejecutar, supervisar, desarrollar y coordinar, en nombre propio, por interpuesta persona o mediante sistemas de cooperaci\u00f3n, asociaci\u00f3n o cualquier modalidad contractual, planes y proyectos sociales, institucionales, culturales, comunicacionales, recreativas, deportivas y de medios, del sector p\u00fablico o privado de car\u00e1cter municipal, departamental, nacional e internacional; realizar e intervenir en proyectos de gesti\u00f3n inmobiliaria o reajuste de tierras, gesti\u00f3n agropecuaria, apoyo a la producci\u00f3n y comercializaci\u00f3n agr\u00edcola y sostenibilidad ambiental, adquisici\u00f3n de cualquier tipo de bienes y servicios por cuenta propia o por medio de terceros, en la ejecuci\u00f3n de actuaciones urbanas integrales para la recuperaci\u00f3n y transformaci\u00f3n de sectores deteriorados del suelo urbano, mediante programas de renovaci\u00f3n y redesarrollo urbano y para el desarrollo de proyectos estrat\u00e9gicos en suelo urbano y de expansi\u00f3n con el fin de mejorar la competitividad del Municipio y la calidad de vida de sus habitantes, as\u00ed como realizar proyectos integrales para el mejoramiento de la infraestructura institucional y del espacio p\u00fablico a trav\u00e9s de obras p\u00fablicas, y promover alianzas p\u00fablico privadas para generar desarrollo, progreso y empleo para la comunidad a trav\u00e9s de la prestaci\u00f3n de servicios. <\/em><\/p>\n<p><em>&nbsp;<\/em><em style=\"font-size: 14px; color: var( --e-global-color-text );\">As\u00ed mismo atender requerimientos que en programas de inclusi\u00f3n social se puedan generar desde la prestaci\u00f3n de los servicios p\u00fablicos, como programas de Gesti\u00f3n Integral de los Residuos S\u00f3lidos, de capacitaci\u00f3n y desarrollo asociativo para todo tipo de poblaci\u00f3n que lo requiera.<\/em><\/p>\n<p><em>&nbsp;<\/em><em style=\"font-size: 14px; color: var( --e-global-color-text );\">De igual manera, puede prestar servicios de manera directa o indirecta en materia log\u00edstica, alquiler de espacios, suministro, atenci\u00f3n y venta de alimentos para eventos tanto p\u00fablicos como privados y podr\u00e1 realizar labores de apoyo log\u00edstico e institucional a los organismos de seguridad, a las fuerzas armadas y de polic\u00eda y otras entidades de derecho p\u00fablico o privado, aplic\u00e1ndolos al desarrollo de los planes y programas que sean dise\u00f1ados por tales organismos y por el Municipio de Girardota, para la prestaci\u00f3n eficiente y oportuna de las actividades tendientes a garantizar la seguridad integral de la ciudadan\u00eda.<\/em><\/p>\n<p><em>&nbsp;<\/em><em style=\"font-size: 14px; color: var( --e-global-color-text );\">Tambi\u00e9n se podr\u00e1 prestar el servicio de transporte en cualquier modalidad por medio de cualquier contrato, directamente o por terceras personas, as\u00ed mismo la contrataci\u00f3n de personal en diferentes modalidades para las diferentes labores para el apoyo de las funciones misionales y apoyo a los proyectos de los planes de desarrollo de la Administraci\u00f3n Municipal directamente o por terceras personas, adem\u00e1s de realizar expropiaciones de acuerdo a las competencias otorgadas por la normativa que rige la materia.\u201d<\/em><\/p><p><em style=\"font-size: 14px; color: var( --e-global-color-text );\"><br><\/em><\/p>\t\t\t\t\t\t\t\t<\/div>\n\t\t\t\t<\/div>\n\t\t\t\t\t<\/div>\n\t\t<\/div>\n\t\t\t\t\t<\/div>\n\t\t<\/section>\n\t\t\t\t<\/div>\n\t\t","protected":false},"excerpt":{"rendered":"<p>NATURALEZA JUR\u00cdDICA DE LA ENTIDAD La Empresa para la Competitividad Territorial del Municipio de Girardota \u201cGIRACOM\u201d, es una Empresa Industrial y Comercial del Estado del orden municipal, creada mediante Decreto Municipal No. 021 del a\u00f1o 2021, cuenta con personer\u00eda jur\u00eddica, autonom\u00eda administrativa, financiera, jur\u00eddica y contractual, as\u00ed mismo cuenta con patrimonio propio y capital independiente [&hellip;]<\/p>\n","protected":false},"author":1,"featured_media":0,"parent":0,"menu_order":0,"comment_status":"closed","ping_status":"closed","template":"","meta":{"om_disable_all_campaigns":false,"_monsterinsights_skip_tracking":false,"_monsterinsights_sitenote_active":false,"_monsterinsights_sitenote_note":"","_monsterinsights_sitenote_category":0,"footnotes":""},"class_list":["post-724","page","type-page","status-publish","hentry"],"aioseo_notices":[],"blog_post_layout_featured_media_urls":{"thumbnail":"","full":""},"categories_names":null,"comments_number":"0","wpmagazine_modules_lite_featured_media_urls":{"thumbnail":"","cvmm-medium":"","cvmm-medium-plus":"","cvmm-portrait":"","cvmm-medium-square":"","cvmm-large":"","cvmm-small":"","full":""},"_links":{"self":[{"href":"https:\/\/giracom.com.co\/giracom\/index.php\/wp-json\/wp\/v2\/pages\/724","targetHints":{"allow":["GET"]}}],"collection":[{"href":"https:\/\/giracom.com.co\/giracom\/index.php\/wp-json\/wp\/v2\/pages"}],"about":[{"href":"https:\/\/giracom.com.co\/giracom\/index.php\/wp-json\/wp\/v2\/types\/page"}],"author":[{"embeddable":true,"href":"https:\/\/giracom.com.co\/giracom\/index.php\/wp-json\/wp\/v2\/users\/1"}],"replies":[{"embeddable":true,"href":"https:\/\/giracom.com.co\/giracom\/index.php\/wp-json\/wp\/v2\/comments?post=724"}],"version-history":[{"count":7,"href":"https:\/\/giracom.com.co\/giracom\/index.php\/wp-json\/wp\/v2\/pages\/724\/revisions"}],"predecessor-version":[{"id":734,"href":"https:\/\/giracom.com.co\/giracom\/index.php\/wp-json\/wp\/v2\/pages\/724\/revisions\/734"}],"wp:attachment":[{"href":"https:\/\/giracom.com.co\/giracom\/index.php\/wp-json\/wp\/v2\/media?parent=724"}],"curies":[{"name":"wp","href":"https:\/\/api.w.org\/{rel}","templated":true}]}}