{"id":546,"date":"2021-04-16T11:56:31","date_gmt":"2021-04-16T11:56:31","guid":{"rendered":"https:\/\/giracom.com.co\/giracom\/?page_id=546"},"modified":"2026-04-08T13:30:58","modified_gmt":"2026-04-08T18:30:58","slug":"contratacion","status":"publish","type":"page","link":"https:\/\/giracom.com.co\/giracom\/index.php\/contratacion\/","title":{"rendered":"Contrataci\u00f3n"},"content":{"rendered":"\t\t<div data-elementor-type=\"wp-page\" data-elementor-id=\"546\" class=\"elementor elementor-546\">\n\t\t\t\t\t\t<section class=\"elementor-section elementor-top-section elementor-element elementor-element-3c4d3a4 elementor-section-boxed elementor-section-height-default elementor-section-height-default\" data-id=\"3c4d3a4\" data-element_type=\"section\">\n\t\t\t\t\t\t<div class=\"elementor-container elementor-column-gap-default\">\n\t\t\t\t\t<div class=\"elementor-column elementor-col-100 elementor-top-column elementor-element elementor-element-65e6d7b\" data-id=\"65e6d7b\" data-element_type=\"column\">\n\t\t\t<div class=\"elementor-widget-wrap elementor-element-populated\">\n\t\t\t\t\t\t<div class=\"elementor-element elementor-element-da18b9d elementor-widget elementor-widget-heading\" data-id=\"da18b9d\" data-element_type=\"widget\" data-widget_type=\"heading.default\">\n\t\t\t\t<div class=\"elementor-widget-container\">\n\t\t\t\t\t<h2 class=\"elementor-heading-title elementor-size-default\">CONTRATO ESTUDIOS Y DISE\u00d1OS<\/h2>\t\t\t\t<\/div>\n\t\t\t\t<\/div>\n\t\t\t\t<div class=\"elementor-element elementor-element-00747eb elementor-widget elementor-widget-text-editor\" data-id=\"00747eb\" data-element_type=\"widget\" data-widget_type=\"text-editor.default\">\n\t\t\t\t<div class=\"elementor-widget-container\">\n\t\t\t\t\t\t\t\t\t<p style=\"margin: 0cm 0cm 8pt; color: #222222; font-style: normal; font-weight: 400; line-height: 18.4px; font-size: 12pt; font-family: Calibri, sans-serif;\">LA EICE TERRINORTE, se complace en anunciar la apertura de su proceso de registro y clasificaci\u00f3n de proveedores, para todos aquellos que est\u00e9n legalmente constituidos (persona natural o jur\u00eddica) con factura electr\u00f3nica que presten el servicio de estudios y dise\u00f1os para obras.<\/p><p style=\"margin: 0cm 0cm 8pt; color: #222222; font-style: normal; font-weight: 400; line-height: 18.4px; font-size: 12pt; font-family: Calibri, sans-serif;\"><strong><span style=\"font-family: Calibri, sans-serif; font-size: 16px; font-style: normal;\">Fecha l\u00edmite para inscripci\u00f3n:<\/span><\/strong><br \/><span style=\"font-family: Calibri, sans-serif; font-size: 16px; font-style: normal; font-weight: 400;\">09 de abril de 2026.<\/span><\/p><p style=\"margin: 0cm 0cm 8pt; color: #222222; font-style: normal; font-weight: 400; line-height: 18.4px; font-size: 12pt; font-family: Calibri, sans-serif;\"><span style=\"font-family: Calibri, sans-serif; font-size: 16px; font-style: normal; font-weight: 400;\">\u00a0<\/span><\/p><p style=\"margin: 0cm 0cm 8pt; color: #222222; font-style: normal; font-weight: 400; line-height: 18.4px; font-size: 12pt; font-family: Calibri, sans-serif;\">C\u00f3mo inscribirse:<br \/>Los interesados deber\u00e1n inscribirse y completar la documentaci\u00f3n que se solicita en el bot\u00f3n<\/p><p style=\"margin: 0cm 0cm 8pt; color: #222222; font-style: normal; font-weight: 400; line-height: 18.4px; font-size: 12pt; font-family: Calibri, sans-serif;\">\u00a0<\/p>\t\t\t\t\t\t\t\t<\/div>\n\t\t\t\t<\/div>\n\t\t\t\t<div class=\"elementor-element elementor-element-de3bfd3 elementor-align-center elementor-widget elementor-widget-button\" data-id=\"de3bfd3\" data-element_type=\"widget\" data-widget_type=\"button.default\">\n\t\t\t\t<div class=\"elementor-widget-container\">\n\t\t\t\t\t\t\t\t\t<div class=\"elementor-button-wrapper\">\n\t\t\t\t\t<a class=\"elementor-button elementor-button-link elementor-size-sm\" href=\"https:\/\/giracom.com.co\/proveedores\/\">\n\t\t\t\t\t\t<span class=\"elementor-button-content-wrapper\">\n\t\t\t\t\t\t<span class=\"elementor-button-icon\">\n\t\t\t\t<i aria-hidden=\"true\" class=\"far fa-clipboard\"><\/i>\t\t\t<\/span>\n\t\t\t\t\t\t\t\t\t<span class=\"elementor-button-text\">Inscribirme<\/span>\n\t\t\t\t\t<\/span>\n\t\t\t\t\t<\/a>\n\t\t\t\t<\/div>\n\t\t\t\t\t\t\t\t<\/div>\n\t\t\t\t<\/div>\n\t\t\t\t<div class=\"elementor-element elementor-element-604ba4c elementor-widget-divider--view-line elementor-widget elementor-widget-divider\" data-id=\"604ba4c\" data-element_type=\"widget\" data-widget_type=\"divider.default\">\n\t\t\t\t<div class=\"elementor-widget-container\">\n\t\t\t\t\t\t\t<div class=\"elementor-divider\">\n\t\t\t<span class=\"elementor-divider-separator\">\n\t\t\t\t\t\t<\/span>\n\t\t<\/div>\n\t\t\t\t\t\t<\/div>\n\t\t\t\t<\/div>\n\t\t\t\t<div class=\"elementor-element elementor-element-3abdec4 elementor-widget elementor-widget-heading\" data-id=\"3abdec4\" data-element_type=\"widget\" data-widget_type=\"heading.default\">\n\t\t\t\t<div class=\"elementor-widget-container\">\n\t\t\t\t\t<h2 class=\"elementor-heading-title elementor-size-default\">CONTRATO PARA CAPACITACIONES Y FORTALECIMIENTO INSTITUCIONAL<\/h2>\t\t\t\t<\/div>\n\t\t\t\t<\/div>\n\t\t\t\t<div class=\"elementor-element elementor-element-89962cb elementor-widget elementor-widget-text-editor\" data-id=\"89962cb\" data-element_type=\"widget\" data-widget_type=\"text-editor.default\">\n\t\t\t\t<div class=\"elementor-widget-container\">\n\t\t\t\t\t\t\t\t\t<p style=\"margin: 0cm 0cm 8pt; color: #222222; font-style: normal; font-weight: 400; line-height: 18.4px; font-size: 12pt; font-family: Calibri, sans-serif;\">LA EICE TERRINORTE, se complace en anunciar la apertura de su proceso de registro y clasificaci\u00f3n de proveedores, para todos aquellos que est\u00e9n legalmente constituidos persona natural o jur\u00eddica que presten el servicio de capacitaciones, fortalecimiento institucional y formaci\u00f3n en temas como:<\/p><p style=\"color: #222222; font-style: normal; font-weight: 400; margin: 0cm 0cm 0cm 36pt; line-height: 18.4px; font-size: 12pt; font-family: Calibri, sans-serif;\"><span style=\"font-family: Symbol;\">\u00b7<span style=\"font-variant-numeric: normal; font-variant-east-asian: normal; font-variant-alternates: normal; font-size-adjust: none; font-kerning: auto; font-feature-settings: normal; font-stretch: normal; font-size: 7pt; line-height: normal; font-family: 'Times New Roman';\">\u00a0\u00a0\u00a0\u00a0\u00a0\u00a0\u00a0<\/span><\/span>Contrataci\u00f3n estatal<\/p><p style=\"color: #222222; font-style: normal; font-weight: 400; margin: 0cm 0cm 0cm 36pt; line-height: 18.4px; font-size: 12pt; font-family: Calibri, sans-serif;\"><span style=\"font-family: Symbol;\">\u00b7<span style=\"font-variant-numeric: normal; font-variant-east-asian: normal; font-variant-alternates: normal; font-size-adjust: none; font-kerning: auto; font-feature-settings: normal; font-stretch: normal; font-size: 7pt; line-height: normal; font-family: 'Times New Roman';\">\u00a0\u00a0\u00a0\u00a0\u00a0\u00a0\u00a0<\/span><\/span>Administrativo<\/p><p style=\"color: #222222; font-style: normal; font-weight: 400; margin: 0cm 0cm 0cm 36pt; line-height: 18.4px; font-size: 12pt; font-family: Calibri, sans-serif;\"><span style=\"font-family: Symbol;\">\u00b7<span style=\"font-variant-numeric: normal; font-variant-east-asian: normal; font-variant-alternates: normal; font-size-adjust: none; font-kerning: auto; font-feature-settings: normal; font-stretch: normal; font-size: 7pt; line-height: normal; font-family: 'Times New Roman';\">\u00a0\u00a0\u00a0\u00a0\u00a0\u00a0\u00a0<\/span><\/span>Tributario<\/p><p style=\"color: #222222; font-style: normal; font-weight: 400; margin: 0cm 0cm 0cm 36pt; line-height: 18.4px; font-size: 12pt; font-family: Calibri, sans-serif;\"><span style=\"font-family: Symbol;\">\u00b7<span style=\"font-variant-numeric: normal; font-variant-east-asian: normal; font-variant-alternates: normal; font-size-adjust: none; font-kerning: auto; font-feature-settings: normal; font-stretch: normal; font-size: 7pt; line-height: normal; font-family: 'Times New Roman';\">\u00a0\u00a0\u00a0\u00a0\u00a0\u00a0\u00a0<\/span><\/span>Presupuesto<\/p><p style=\"color: #222222; font-style: normal; font-weight: 400; margin: 0cm 0cm 0cm 36pt; line-height: 18.4px; font-size: 12pt; font-family: Calibri, sans-serif;\"><span style=\"font-family: Symbol;\">\u00b7<span style=\"font-variant-numeric: normal; font-variant-east-asian: normal; font-variant-alternates: normal; font-size-adjust: none; font-kerning: auto; font-feature-settings: normal; font-stretch: normal; font-size: 7pt; line-height: normal; font-family: 'Times New Roman';\">\u00a0\u00a0\u00a0\u00a0\u00a0\u00a0\u00a0<\/span><\/span>Responsabilidad disciplinaria, fiscal y penal en la Administraci\u00f3n P\u00fablica<\/p><p style=\"color: #222222; font-style: normal; font-weight: 400; margin: 0cm 0cm 8pt 36pt; line-height: 18.4px; font-size: 12pt; font-family: Calibri, sans-serif;\"><span style=\"font-family: Symbol;\">\u00b7<span style=\"font-variant-numeric: normal; font-variant-east-asian: normal; font-variant-alternates: normal; font-size-adjust: none; font-kerning: auto; font-feature-settings: normal; font-stretch: normal; font-size: 7pt; line-height: normal; font-family: 'Times New Roman';\">\u00a0\u00a0\u00a0\u00a0\u00a0\u00a0\u00a0<\/span><\/span>Excel<\/p><p style=\"margin: 0cm 0cm 8pt; color: #222222; font-style: normal; font-weight: 400; line-height: 18.4px; font-size: 12pt; font-family: Calibri, sans-serif;\">Entre otros temas, relacionados con el funcionamiento de la entidad.\u00a0<\/p><p style=\"margin: 0cm 0cm 8pt; color: #222222; font-style: normal; font-weight: 400; line-height: 18.4px; font-size: 12pt; font-family: Calibri, sans-serif;\"><strong><span style=\"font-family: Calibri, sans-serif; font-size: 16px; font-style: normal;\">Fecha l\u00edmite para inscripci\u00f3n:<\/span><\/strong><br \/><span style=\"font-family: Calibri, sans-serif; font-size: 16px; font-style: normal; font-weight: 400;\">09 de abril de 2026.<\/span><\/p><p style=\"margin: 0cm 0cm 8pt; color: #222222; font-style: normal; font-weight: 400; line-height: 18.4px; font-size: 12pt; font-family: Calibri, sans-serif;\">C\u00f3mo inscribirse:<br \/>Los interesados deber\u00e1n inscribirse y completar la documentaci\u00f3n que se solicita en el bot\u00f3n.<\/p>\t\t\t\t\t\t\t\t<\/div>\n\t\t\t\t<\/div>\n\t\t\t\t<div class=\"elementor-element elementor-element-a101013 elementor-align-center elementor-widget elementor-widget-button\" data-id=\"a101013\" data-element_type=\"widget\" data-widget_type=\"button.default\">\n\t\t\t\t<div class=\"elementor-widget-container\">\n\t\t\t\t\t\t\t\t\t<div class=\"elementor-button-wrapper\">\n\t\t\t\t\t<a class=\"elementor-button elementor-button-link elementor-size-sm\" href=\"https:\/\/giracom.com.co\/proveedores\/\">\n\t\t\t\t\t\t<span class=\"elementor-button-content-wrapper\">\n\t\t\t\t\t\t<span class=\"elementor-button-icon\">\n\t\t\t\t<i aria-hidden=\"true\" class=\"far fa-clipboard\"><\/i>\t\t\t<\/span>\n\t\t\t\t\t\t\t\t\t<span class=\"elementor-button-text\">Inscribirme<\/span>\n\t\t\t\t\t<\/span>\n\t\t\t\t\t<\/a>\n\t\t\t\t<\/div>\n\t\t\t\t\t\t\t\t<\/div>\n\t\t\t\t<\/div>\n\t\t\t\t\t<\/div>\n\t\t<\/div>\n\t\t\t\t\t<\/div>\n\t\t<\/section>\n\t\t\t\t<section class=\"elementor-section elementor-top-section elementor-element elementor-element-c15848a elementor-section-boxed elementor-section-height-default elementor-section-height-default\" data-id=\"c15848a\" data-element_type=\"section\">\n\t\t\t\t\t\t<div class=\"elementor-container elementor-column-gap-default\">\n\t\t\t\t\t<div class=\"elementor-column elementor-col-100 elementor-top-column elementor-element elementor-element-02fc541\" data-id=\"02fc541\" data-element_type=\"column\">\n\t\t\t<div class=\"elementor-widget-wrap elementor-element-populated\">\n\t\t\t\t\t\t<div class=\"elementor-element elementor-element-4b64dac elementor-widget elementor-widget-heading\" data-id=\"4b64dac\" data-element_type=\"widget\" data-widget_type=\"heading.default\">\n\t\t\t\t<div class=\"elementor-widget-container\">\n\t\t\t\t\t<h2 class=\"elementor-heading-title elementor-size-default\">Inscripci\u00f3n Proveedores <\/h2>\t\t\t\t<\/div>\n\t\t\t\t<\/div>\n\t\t\t\t\t<\/div>\n\t\t<\/div>\n\t\t\t\t\t<\/div>\n\t\t<\/section>\n\t\t\t\t<section class=\"elementor-section elementor-top-section elementor-element elementor-element-8aea47f elementor-section-boxed elementor-section-height-default elementor-section-height-default\" data-id=\"8aea47f\" data-element_type=\"section\">\n\t\t\t\t\t\t<div class=\"elementor-container elementor-column-gap-default\">\n\t\t\t\t\t<div class=\"elementor-column elementor-col-100 elementor-top-column elementor-element elementor-element-a5302fd\" data-id=\"a5302fd\" data-element_type=\"column\">\n\t\t\t<div class=\"elementor-widget-wrap elementor-element-populated\">\n\t\t\t\t\t\t<div class=\"elementor-element elementor-element-938c634 elementor-widget elementor-widget-text-editor\" data-id=\"938c634\" data-element_type=\"widget\" data-widget_type=\"text-editor.default\">\n\t\t\t\t<div class=\"elementor-widget-container\">\n\t\t\t\t\t\t\t\t\t<p>LA EICE TERRINORTE, se complace en anunciar la apertura de su proceso de registro y clasificaci\u00f3n de proveedores, para todos aquellos que est\u00e9n legalmente constituidos<br \/>(persona natural o jur\u00eddica) con factura electr\u00f3nica que presten el servicio de renting de veh\u00edculos.<\/p><p>\u00a0<\/p><p>C\u00f3mo inscribirse:<br \/>Los interesados deber\u00e1n inscribirse y completar la documentaci\u00f3n que se solicita en el enlace:\u00a0<\/p><h4>https:\/\/giracom.com.co\/proveedores\/<\/h4><div style=\"font-size: 14px;\"><span style=\"font-size: 14px;\">\u00a0<\/span><\/div><p>No pierdas la oportunidad de ser parte de nuestra red de proveedores.<\/p><p>\u00a0<\/p><p>Fecha l\u00edmite para inscripci\u00f3n:<br \/>25 de febrero de 2026.<\/p>\t\t\t\t\t\t\t\t<\/div>\n\t\t\t\t<\/div>\n\t\t\t\t<div class=\"elementor-element elementor-element-4fcef2c elementor-align-center elementor-widget elementor-widget-button\" data-id=\"4fcef2c\" data-element_type=\"widget\" data-widget_type=\"button.default\">\n\t\t\t\t<div class=\"elementor-widget-container\">\n\t\t\t\t\t\t\t\t\t<div class=\"elementor-button-wrapper\">\n\t\t\t\t\t<a class=\"elementor-button elementor-button-link elementor-size-sm\" href=\"https:\/\/giracom.com.co\/proveedores\/\">\n\t\t\t\t\t\t<span class=\"elementor-button-content-wrapper\">\n\t\t\t\t\t\t<span class=\"elementor-button-icon\">\n\t\t\t\t<i aria-hidden=\"true\" class=\"far fa-edit\"><\/i>\t\t\t<\/span>\n\t\t\t\t\t\t\t\t\t<span class=\"elementor-button-text\">Inscribirme<\/span>\n\t\t\t\t\t<\/span>\n\t\t\t\t\t<\/a>\n\t\t\t\t<\/div>\n\t\t\t\t\t\t\t\t<\/div>\n\t\t\t\t<\/div>\n\t\t\t\t<div class=\"elementor-element elementor-element-cc1b81c elementor-widget-divider--view-line elementor-widget elementor-widget-divider\" data-id=\"cc1b81c\" data-element_type=\"widget\" data-widget_type=\"divider.default\">\n\t\t\t\t<div class=\"elementor-widget-container\">\n\t\t\t\t\t\t\t<div class=\"elementor-divider\">\n\t\t\t<span class=\"elementor-divider-separator\">\n\t\t\t\t\t\t<\/span>\n\t\t<\/div>\n\t\t\t\t\t\t<\/div>\n\t\t\t\t<\/div>\n\t\t\t\t<div class=\"elementor-element elementor-element-120dfe7 elementor-widget elementor-widget-spacer\" data-id=\"120dfe7\" data-element_type=\"widget\" data-widget_type=\"spacer.default\">\n\t\t\t\t<div class=\"elementor-widget-container\">\n\t\t\t\t\t\t\t<div class=\"elementor-spacer\">\n\t\t\t<div class=\"elementor-spacer-inner\"><\/div>\n\t\t<\/div>\n\t\t\t\t\t\t<\/div>\n\t\t\t\t<\/div>\n\t\t\t\t\t<\/div>\n\t\t<\/div>\n\t\t\t\t\t<\/div>\n\t\t<\/section>\n\t\t\t\t<section class=\"elementor-section elementor-top-section elementor-element elementor-element-70f8a1d elementor-section-boxed elementor-section-height-default elementor-section-height-default\" data-id=\"70f8a1d\" data-element_type=\"section\">\n\t\t\t\t\t\t<div class=\"elementor-container elementor-column-gap-default\">\n\t\t\t\t\t<div class=\"elementor-column elementor-col-50 elementor-top-column elementor-element elementor-element-b9b9a90\" data-id=\"b9b9a90\" data-element_type=\"column\">\n\t\t\t<div class=\"elementor-widget-wrap elementor-element-populated\">\n\t\t\t\t\t\t<div class=\"elementor-element elementor-element-72640b4 elementor-widget elementor-widget-heading\" data-id=\"72640b4\" data-element_type=\"widget\" data-widget_type=\"heading.default\">\n\t\t\t\t<div class=\"elementor-widget-container\">\n\t\t\t\t\t<h2 class=\"elementor-heading-title elementor-size-default\">CONTRATO DE OBRA: VIAS<\/h2>\t\t\t\t<\/div>\n\t\t\t\t<\/div>\n\t\t\t\t<div class=\"elementor-element elementor-element-a4af2eb elementor-widget elementor-widget-text-editor\" data-id=\"a4af2eb\" data-element_type=\"widget\" data-widget_type=\"text-editor.default\">\n\t\t\t\t<div class=\"elementor-widget-container\">\n\t\t\t\t\t\t\t\t\t<p><strong>LA EICE TERRINORTE<\/strong>, se complace en anunciar la apertura de su proceso de registro y clasificaci\u00f3n de proveedores, para todos aquellos que est\u00e9n legalmente constituidos persona jur\u00eddica, con factura electr\u00f3nica que presten el servicio de intervenci\u00f3n de v\u00edas, construcci\u00f3n, mejoramiento, pavimentaci\u00f3n, restauraci\u00f3n y en general actividades de ingenier\u00eda relacionadas con v\u00edas.<\/p><p><strong>C\u00f3mo inscribirse:<\/strong><br \/>Los interesados deber\u00e1n inscribirse y completar la documentaci\u00f3n que se solicita en el enlace: <br \/>https:\/\/giracom.com.co\/proveedores\/<\/p><p>No pierdas la oportunidad de ser parte de nuestra red de proveedores.<\/p><p><strong>Nota:<\/strong> La inscripci\u00f3n en una convocatoria, es un paso formal obligatorio que se requiere para los procesos de contrataci\u00f3n, pero ni genera derechos adquiridos sobre las invitaciones, ni asegura la selecci\u00f3n final.<\/p><p><strong>Fecha l\u00edmite para inscripci\u00f3n:<\/strong><br \/>04 de marzo de 2026.<\/p>\t\t\t\t\t\t\t\t<\/div>\n\t\t\t\t<\/div>\n\t\t\t\t<div class=\"elementor-element elementor-element-1645403 elementor-align-center elementor-widget elementor-widget-button\" data-id=\"1645403\" data-element_type=\"widget\" data-widget_type=\"button.default\">\n\t\t\t\t<div class=\"elementor-widget-container\">\n\t\t\t\t\t\t\t\t\t<div class=\"elementor-button-wrapper\">\n\t\t\t\t\t<a class=\"elementor-button elementor-button-link elementor-size-sm\" href=\"https:\/\/giracom.com.co\/proveedores\/\">\n\t\t\t\t\t\t<span class=\"elementor-button-content-wrapper\">\n\t\t\t\t\t\t<span class=\"elementor-button-icon\">\n\t\t\t\t<i aria-hidden=\"true\" class=\"far fa-edit\"><\/i>\t\t\t<\/span>\n\t\t\t\t\t\t\t\t\t<span class=\"elementor-button-text\">Inscribirme<\/span>\n\t\t\t\t\t<\/span>\n\t\t\t\t\t<\/a>\n\t\t\t\t<\/div>\n\t\t\t\t\t\t\t\t<\/div>\n\t\t\t\t<\/div>\n\t\t\t\t\t<\/div>\n\t\t<\/div>\n\t\t\t\t<div class=\"elementor-column elementor-col-50 elementor-top-column elementor-element elementor-element-48dc41c\" data-id=\"48dc41c\" data-element_type=\"column\">\n\t\t\t<div class=\"elementor-widget-wrap elementor-element-populated\">\n\t\t\t\t\t\t<div class=\"elementor-element elementor-element-6d6aee6 elementor-widget elementor-widget-heading\" data-id=\"6d6aee6\" data-element_type=\"widget\" data-widget_type=\"heading.default\">\n\t\t\t\t<div class=\"elementor-widget-container\">\n\t\t\t\t\t<h2 class=\"elementor-heading-title elementor-size-default\">CONTRATO DE INTERVENTORIA<\/h2>\t\t\t\t<\/div>\n\t\t\t\t<\/div>\n\t\t\t\t<div class=\"elementor-element elementor-element-3785006 elementor-widget elementor-widget-text-editor\" data-id=\"3785006\" data-element_type=\"widget\" data-widget_type=\"text-editor.default\">\n\t\t\t\t<div class=\"elementor-widget-container\">\n\t\t\t\t\t\t\t\t\t<p><strong>LA EICE TERRINORTE<\/strong>, se complace en anunciar la apertura de su proceso de registro y clasificaci\u00f3n de proveedores, para todos aquellos que est\u00e9n legalmente constituidos, persona natural o jur\u00eddica, con factura electr\u00f3nica que presten el servicio de interventor\u00eda en obras relacionadas con v\u00edas.<\/p><p><strong>C\u00f3mo inscribirse:<\/strong><br \/>Los interesados deber\u00e1n inscribirse y completar la documentaci\u00f3n que se solicita en el enlace: <br \/>https:\/\/giracom.com.co\/proveedores\/<\/p><p>No pierdas la oportunidad de ser parte de nuestra red de proveedores.<\/p><p><strong>Nota:<\/strong> La inscripci\u00f3n en una convocatoria, es un paso formal obligatorio que se requiere para los procesos de contrataci\u00f3n, pero ni genera derechos adquiridos sobre las invitaciones, ni asegura la selecci\u00f3n final.<\/p><p><strong>Fecha l\u00edmite para inscripci\u00f3n:<\/strong><br \/>04 de marzo de 2026.<\/p>\t\t\t\t\t\t\t\t<\/div>\n\t\t\t\t<\/div>\n\t\t\t\t<div class=\"elementor-element elementor-element-f343964 elementor-align-center elementor-widget elementor-widget-button\" data-id=\"f343964\" data-element_type=\"widget\" data-widget_type=\"button.default\">\n\t\t\t\t<div class=\"elementor-widget-container\">\n\t\t\t\t\t\t\t\t\t<div class=\"elementor-button-wrapper\">\n\t\t\t\t\t<a class=\"elementor-button elementor-button-link elementor-size-sm\" href=\"https:\/\/giracom.com.co\/proveedores\/\">\n\t\t\t\t\t\t<span class=\"elementor-button-content-wrapper\">\n\t\t\t\t\t\t<span class=\"elementor-button-icon\">\n\t\t\t\t<i aria-hidden=\"true\" class=\"far fa-edit\"><\/i>\t\t\t<\/span>\n\t\t\t\t\t\t\t\t\t<span class=\"elementor-button-text\">Inscribirme<\/span>\n\t\t\t\t\t<\/span>\n\t\t\t\t\t<\/a>\n\t\t\t\t<\/div>\n\t\t\t\t\t\t\t\t<\/div>\n\t\t\t\t<\/div>\n\t\t\t\t\t<\/div>\n\t\t<\/div>\n\t\t\t\t\t<\/div>\n\t\t<\/section>\n\t\t\t\t<section class=\"elementor-section elementor-top-section elementor-element elementor-element-18f7e9c elementor-section-boxed elementor-section-height-default elementor-section-height-default\" data-id=\"18f7e9c\" data-element_type=\"section\">\n\t\t\t\t\t\t<div class=\"elementor-container elementor-column-gap-default\">\n\t\t\t\t\t<div class=\"elementor-column elementor-col-100 elementor-top-column elementor-element elementor-element-e7a6fac\" data-id=\"e7a6fac\" data-element_type=\"column\">\n\t\t\t<div class=\"elementor-widget-wrap elementor-element-populated\">\n\t\t\t\t\t\t<div class=\"elementor-element elementor-element-180d352 elementor-widget-divider--view-line elementor-widget elementor-widget-divider\" data-id=\"180d352\" data-element_type=\"widget\" data-widget_type=\"divider.default\">\n\t\t\t\t<div class=\"elementor-widget-container\">\n\t\t\t\t\t\t\t<div class=\"elementor-divider\">\n\t\t\t<span class=\"elementor-divider-separator\">\n\t\t\t\t\t\t<\/span>\n\t\t<\/div>\n\t\t\t\t\t\t<\/div>\n\t\t\t\t<\/div>\n\t\t\t\t\t<\/div>\n\t\t<\/div>\n\t\t\t\t\t<\/div>\n\t\t<\/section>\n\t\t\t\t<\/div>\n\t\t","protected":false},"excerpt":{"rendered":"<p>CONTRATO ESTUDIOS Y DISE\u00d1OS LA EICE TERRINORTE, se complace en anunciar la apertura de su proceso de registro y clasificaci\u00f3n de proveedores, para todos aquellos que est\u00e9n legalmente constituidos (persona natural o jur\u00eddica) con factura electr\u00f3nica que presten el servicio de estudios y dise\u00f1os para obras. Fecha l\u00edmite para inscripci\u00f3n:09 de abril de 2026. \u00a0 [&hellip;]<\/p>\n","protected":false},"author":1,"featured_media":0,"parent":0,"menu_order":0,"comment_status":"closed","ping_status":"closed","template":"","meta":{"om_disable_all_campaigns":false,"_monsterinsights_skip_tracking":false,"_monsterinsights_sitenote_active":false,"_monsterinsights_sitenote_note":"","_monsterinsights_sitenote_category":0,"footnotes":""},"class_list":["post-546","page","type-page","status-publish","hentry"],"aioseo_notices":[],"blog_post_layout_featured_media_urls":{"thumbnail":"","full":""},"categories_names":null,"comments_number":"0","wpmagazine_modules_lite_featured_media_urls":{"thumbnail":"","cvmm-medium":"","cvmm-medium-plus":"","cvmm-portrait":"","cvmm-medium-square":"","cvmm-large":"","cvmm-small":"","full":""},"_links":{"self":[{"href":"https:\/\/giracom.com.co\/giracom\/index.php\/wp-json\/wp\/v2\/pages\/546","targetHints":{"allow":["GET"]}}],"collection":[{"href":"https:\/\/giracom.com.co\/giracom\/index.php\/wp-json\/wp\/v2\/pages"}],"about":[{"href":"https:\/\/giracom.com.co\/giracom\/index.php\/wp-json\/wp\/v2\/types\/page"}],"author":[{"embeddable":true,"href":"https:\/\/giracom.com.co\/giracom\/index.php\/wp-json\/wp\/v2\/users\/1"}],"replies":[{"embeddable":true,"href":"https:\/\/giracom.com.co\/giracom\/index.php\/wp-json\/wp\/v2\/comments?post=546"}],"version-history":[{"count":47,"href":"https:\/\/giracom.com.co\/giracom\/index.php\/wp-json\/wp\/v2\/pages\/546\/revisions"}],"predecessor-version":[{"id":1454,"href":"https:\/\/giracom.com.co\/giracom\/index.php\/wp-json\/wp\/v2\/pages\/546\/revisions\/1454"}],"wp:attachment":[{"href":"https:\/\/giracom.com.co\/giracom\/index.php\/wp-json\/wp\/v2\/media?parent=546"}],"curies":[{"name":"wp","href":"https:\/\/api.w.org\/{rel}","templated":true}]}}