{"id":1160,"date":"2024-02-25T18:00:27","date_gmt":"2024-02-25T23:00:27","guid":{"rendered":"https:\/\/giracom.com.co\/giracom\/?page_id=1160"},"modified":"2024-02-25T18:11:14","modified_gmt":"2024-02-25T23:11:14","slug":"calificacion-de-propuestas","status":"publish","type":"page","link":"https:\/\/giracom.com.co\/giracom\/index.php\/calificacion-de-propuestas\/","title":{"rendered":"Calificaci\u00f3n de propuestas"},"content":{"rendered":"\t\t<div data-elementor-type=\"wp-page\" data-elementor-id=\"1160\" class=\"elementor elementor-1160\">\n\t\t\t\t\t\t<section class=\"elementor-section elementor-top-section elementor-element elementor-element-4efc31f elementor-section-boxed elementor-section-height-default elementor-section-height-default\" data-id=\"4efc31f\" data-element_type=\"section\">\n\t\t\t\t\t\t<div class=\"elementor-container elementor-column-gap-default\">\n\t\t\t\t\t<div class=\"elementor-column elementor-col-100 elementor-top-column elementor-element elementor-element-545b34d\" data-id=\"545b34d\" data-element_type=\"column\">\n\t\t\t<div class=\"elementor-widget-wrap elementor-element-populated\">\n\t\t\t\t\t\t<div class=\"elementor-element elementor-element-64b296f elementor-widget elementor-widget-text-editor\" data-id=\"64b296f\" data-element_type=\"widget\" data-widget_type=\"text-editor.default\">\n\t\t\t\t<div class=\"elementor-widget-container\">\n\t\t\t\t\t\t\t\t\t\n<table id=\"tablepress-10\" class=\"tablepress tablepress-id-10\">\n<thead>\n<tr class=\"row-1\">\n\t<th class=\"column-1\">Invitaci\u00f3n privada<\/th><th class=\"column-2\">Objeto<\/th><th class=\"column-3\">Valor<\/th><th class=\"column-4\">Fecha<\/th><th class=\"column-5\">A\u00f1o<\/th>\n<\/tr>\n<\/thead>\n<tbody class=\"row-striping row-hover\">\n<tr class=\"row-2\">\n\t<td class=\"column-1\"><a href=\"https:\/\/giracom.com.co\/giracom\/wp-content\/uploads\/2024\/02\/INFORME-DE-VERIFICACION-Y-EVALUACION-DE-REQUISITOS.pdf\">\/INFORME-DE-VERIFICACION-Y-EVALUACION-DE-REQUISITOS<\/a><\/td><td class=\"column-2\">INFORME-DE-VERIFICACION-Y-EVALUACION-DE-REQUISITOS<\/td><td class=\"column-3\">N\/A<\/td><td class=\"column-4\">29 DE FEBRERO<\/td><td class=\"column-5\">2024<\/td>\n<\/tr>\n<tr class=\"row-3\">\n\t<td class=\"column-1\"><a href=\"https:\/\/giracom.com.co\/giracom\/wp-content\/uploads\/2024\/03\/EVALUACION-DE-OFERTAS-002-2024-2.pdf\">INFORME-DE-VERIFICACION-Y-EVALUACION-DE-REQUISITOS<\/a><\/td><td class=\"column-2\">OPERACI\u00d3N   LOG\u00cdSTICA   Y   SERVICIO   DE   ALIMENTACI\u00d3N   PARA   LOS DIFERENTES EVENTOS QUE REALICE EL MUNICIPIO DE ENVIGADO<\/td><td class=\"column-3\">$2.605.004.932<\/td><td class=\"column-4\">13 DE MARZO<\/td><td class=\"column-5\">2024<\/td>\n<\/tr>\n<tr class=\"row-4\">\n\t<td class=\"column-1\"><a href=\"https:\/\/giracom.com.co\/giracom\/wp-content\/uploads\/2024\/03\/Informe-de-evaluacio\u0301n.pdf\">INFORME-DE-VERIFICACION-Y-EVALUACION-DE-REQUISITOS DEFINITIVA<\/a><\/td><td class=\"column-2\">OPERACI\u00d3N   LOG\u00cdSTICA   Y   SERVICIO   DE   ALIMENTACI\u00d3N   PARA   LOS DIFERENTES EVENTOS QUE REALICE EL MUNICIPIO DE ENVIGADO<\/td><td class=\"column-3\">$2.605.004.932<\/td><td class=\"column-4\">14 DE MARZO<\/td><td class=\"column-5\">2024<\/td>\n<\/tr>\n<\/tbody>\n<\/table>\n<!-- #tablepress-10 from cache -->\t\t\t\t\t\t\t\t<\/div>\n\t\t\t\t<\/div>\n\t\t\t\t\t<\/div>\n\t\t<\/div>\n\t\t\t\t\t<\/div>\n\t\t<\/section>\n\t\t\t\t<\/div>\n\t\t","protected":false},"excerpt":{"rendered":"","protected":false},"author":1,"featured_media":0,"parent":0,"menu_order":0,"comment_status":"closed","ping_status":"closed","template":"","meta":{"om_disable_all_campaigns":false,"_monsterinsights_skip_tracking":false,"_monsterinsights_sitenote_active":false,"_monsterinsights_sitenote_note":"","_monsterinsights_sitenote_category":0,"footnotes":""},"class_list":["post-1160","page","type-page","status-publish","hentry"],"aioseo_notices":[],"blog_post_layout_featured_media_urls":{"thumbnail":"","full":""},"categories_names":null,"comments_number":"0","wpmagazine_modules_lite_featured_media_urls":{"thumbnail":"","cvmm-medium":"","cvmm-medium-plus":"","cvmm-portrait":"","cvmm-medium-square":"","cvmm-large":"","cvmm-small":"","full":""},"_links":{"self":[{"href":"https:\/\/giracom.com.co\/giracom\/index.php\/wp-json\/wp\/v2\/pages\/1160","targetHints":{"allow":["GET"]}}],"collection":[{"href":"https:\/\/giracom.com.co\/giracom\/index.php\/wp-json\/wp\/v2\/pages"}],"about":[{"href":"https:\/\/giracom.com.co\/giracom\/index.php\/wp-json\/wp\/v2\/types\/page"}],"author":[{"embeddable":true,"href":"https:\/\/giracom.com.co\/giracom\/index.php\/wp-json\/wp\/v2\/users\/1"}],"replies":[{"embeddable":true,"href":"https:\/\/giracom.com.co\/giracom\/index.php\/wp-json\/wp\/v2\/comments?post=1160"}],"version-history":[{"count":4,"href":"https:\/\/giracom.com.co\/giracom\/index.php\/wp-json\/wp\/v2\/pages\/1160\/revisions"}],"predecessor-version":[{"id":1174,"href":"https:\/\/giracom.com.co\/giracom\/index.php\/wp-json\/wp\/v2\/pages\/1160\/revisions\/1174"}],"wp:attachment":[{"href":"https:\/\/giracom.com.co\/giracom\/index.php\/wp-json\/wp\/v2\/media?parent=1160"}],"curies":[{"name":"wp","href":"https:\/\/api.w.org\/{rel}","templated":true}]}}