{"id":1159,"date":"2024-02-25T18:00:27","date_gmt":"2024-02-25T23:00:27","guid":{"rendered":"https:\/\/giracom.com.co\/giracom\/?page_id=1159"},"modified":"2026-02-02T15:11:56","modified_gmt":"2026-02-02T20:11:56","slug":"invitacion-publica","status":"publish","type":"page","link":"https:\/\/giracom.com.co\/giracom\/index.php\/invitacion-publica\/","title":{"rendered":"Invitaci\u00f3n p\u00fablica"},"content":{"rendered":"\t\t<div data-elementor-type=\"wp-page\" data-elementor-id=\"1159\" class=\"elementor elementor-1159\">\n\t\t\t\t\t\t<section class=\"elementor-section elementor-top-section elementor-element elementor-element-ac99383 elementor-section-boxed elementor-section-height-default elementor-section-height-default\" data-id=\"ac99383\" data-element_type=\"section\">\n\t\t\t\t\t\t<div class=\"elementor-container elementor-column-gap-default\">\n\t\t\t\t\t<div class=\"elementor-column elementor-col-100 elementor-top-column elementor-element elementor-element-6d0c394\" data-id=\"6d0c394\" data-element_type=\"column\">\n\t\t\t<div class=\"elementor-widget-wrap elementor-element-populated\">\n\t\t\t\t\t\t<div class=\"elementor-element elementor-element-ebfe5ad elementor-widget elementor-widget-heading\" data-id=\"ebfe5ad\" data-element_type=\"widget\" data-widget_type=\"heading.default\">\n\t\t\t\t<div class=\"elementor-widget-container\">\n\t\t\t\t\t<h2 class=\"elementor-heading-title elementor-size-default\">INVITACI\u00d3N P\u00daBLICA DE OFERTAS CONTRATO DE OBRA N\u00b0 CO-028 DE 2025<\/h2>\t\t\t\t<\/div>\n\t\t\t\t<\/div>\n\t\t\t\t<div class=\"elementor-element elementor-element-f08e17c elementor-align-center elementor-widget elementor-widget-button\" data-id=\"f08e17c\" data-element_type=\"widget\" data-widget_type=\"button.default\">\n\t\t\t\t<div class=\"elementor-widget-container\">\n\t\t\t\t\t\t\t\t\t<div class=\"elementor-button-wrapper\">\n\t\t\t\t\t<a class=\"elementor-button elementor-button-link elementor-size-sm\" href=\"https:\/\/giracom.com.co\/giracom\/wp-content\/uploads\/2026\/02\/INV_PUB_CO-028.zip\">\n\t\t\t\t\t\t<span class=\"elementor-button-content-wrapper\">\n\t\t\t\t\t\t\t\t\t<span class=\"elementor-button-text\">Descargar Documentos<\/span>\n\t\t\t\t\t<\/span>\n\t\t\t\t\t<\/a>\n\t\t\t\t<\/div>\n\t\t\t\t\t\t\t\t<\/div>\n\t\t\t\t<\/div>\n\t\t\t\t<div class=\"elementor-element elementor-element-d3809b0 elementor-widget-divider--view-line elementor-widget elementor-widget-divider\" data-id=\"d3809b0\" data-element_type=\"widget\" data-widget_type=\"divider.default\">\n\t\t\t\t<div class=\"elementor-widget-container\">\n\t\t\t\t\t\t\t<div class=\"elementor-divider\">\n\t\t\t<span class=\"elementor-divider-separator\">\n\t\t\t\t\t\t<\/span>\n\t\t<\/div>\n\t\t\t\t\t\t<\/div>\n\t\t\t\t<\/div>\n\t\t\t\t\t<\/div>\n\t\t<\/div>\n\t\t\t\t\t<\/div>\n\t\t<\/section>\n\t\t\t\t<section class=\"elementor-section elementor-top-section elementor-element elementor-element-d3a1da3 elementor-section-boxed elementor-section-height-default elementor-section-height-default\" data-id=\"d3a1da3\" data-element_type=\"section\">\n\t\t\t\t\t\t<div class=\"elementor-container elementor-column-gap-default\">\n\t\t\t\t\t<div class=\"elementor-column elementor-col-100 elementor-top-column elementor-element elementor-element-7473f8e\" data-id=\"7473f8e\" data-element_type=\"column\">\n\t\t\t<div class=\"elementor-widget-wrap elementor-element-populated\">\n\t\t\t\t\t\t<div class=\"elementor-element elementor-element-ab22cc4 elementor-widget elementor-widget-heading\" data-id=\"ab22cc4\" data-element_type=\"widget\" data-widget_type=\"heading.default\">\n\t\t\t\t<div class=\"elementor-widget-container\">\n\t\t\t\t\t<h2 class=\"elementor-heading-title elementor-size-default\">INVITACI\u00d3N P\u00daBLICA DE OFERTAS CONTRATO DE OBRA N\u00ba CO-026 DE 2025.<\/h2>\t\t\t\t<\/div>\n\t\t\t\t<\/div>\n\t\t\t\t<div class=\"elementor-element elementor-element-cee6cc3 elementor-align-center elementor-widget elementor-widget-button\" data-id=\"cee6cc3\" data-element_type=\"widget\" data-widget_type=\"button.default\">\n\t\t\t\t<div class=\"elementor-widget-container\">\n\t\t\t\t\t\t\t\t\t<div class=\"elementor-button-wrapper\">\n\t\t\t\t\t<a class=\"elementor-button elementor-button-link elementor-size-sm\" href=\"https:\/\/giracom.com.co\/giracom\/wp-content\/uploads\/2025\/12\/Invitacion_PCO-026.zip\">\n\t\t\t\t\t\t<span class=\"elementor-button-content-wrapper\">\n\t\t\t\t\t\t\t\t\t<span class=\"elementor-button-text\">Descargar documentos<\/span>\n\t\t\t\t\t<\/span>\n\t\t\t\t\t<\/a>\n\t\t\t\t<\/div>\n\t\t\t\t\t\t\t\t<\/div>\n\t\t\t\t<\/div>\n\t\t\t\t<div class=\"elementor-element elementor-element-1030182 elementor-align-center elementor-widget elementor-widget-button\" data-id=\"1030182\" data-element_type=\"widget\" data-widget_type=\"button.default\">\n\t\t\t\t<div class=\"elementor-widget-container\">\n\t\t\t\t\t\t\t\t\t<div class=\"elementor-button-wrapper\">\n\t\t\t\t\t<a class=\"elementor-button elementor-button-link elementor-size-sm\" href=\"https:\/\/giracom.com.co\/giracom\/wp-content\/uploads\/2025\/12\/INFORME-DE-VERIFICACION-Y-EVALUACION_CO-026_2025.pdf\">\n\t\t\t\t\t\t<span class=\"elementor-button-content-wrapper\">\n\t\t\t\t\t\t\t\t\t<span class=\"elementor-button-text\">Descargar Informe de evaluaci\u00f3n<\/span>\n\t\t\t\t\t<\/span>\n\t\t\t\t\t<\/a>\n\t\t\t\t<\/div>\n\t\t\t\t\t\t\t\t<\/div>\n\t\t\t\t<\/div>\n\t\t\t\t<div class=\"elementor-element elementor-element-27b2bb1 elementor-widget-divider--view-line elementor-widget elementor-widget-divider\" data-id=\"27b2bb1\" data-element_type=\"widget\" data-widget_type=\"divider.default\">\n\t\t\t\t<div class=\"elementor-widget-container\">\n\t\t\t\t\t\t\t<div class=\"elementor-divider\">\n\t\t\t<span class=\"elementor-divider-separator\">\n\t\t\t\t\t\t<\/span>\n\t\t<\/div>\n\t\t\t\t\t\t<\/div>\n\t\t\t\t<\/div>\n\t\t\t\t\t<\/div>\n\t\t<\/div>\n\t\t\t\t\t<\/div>\n\t\t<\/section>\n\t\t\t\t<section class=\"elementor-section elementor-top-section elementor-element elementor-element-b7cb4e8 elementor-section-boxed elementor-section-height-default elementor-section-height-default\" data-id=\"b7cb4e8\" data-element_type=\"section\">\n\t\t\t\t\t\t<div class=\"elementor-container elementor-column-gap-default\">\n\t\t\t\t\t<div class=\"elementor-column elementor-col-100 elementor-top-column elementor-element elementor-element-e951398\" data-id=\"e951398\" data-element_type=\"column\">\n\t\t\t<div class=\"elementor-widget-wrap elementor-element-populated\">\n\t\t\t\t\t\t<div class=\"elementor-element elementor-element-59580db elementor-widget elementor-widget-heading\" data-id=\"59580db\" data-element_type=\"widget\" data-widget_type=\"heading.default\">\n\t\t\t\t<div class=\"elementor-widget-container\">\n\t\t\t\t\t<h3 class=\"elementor-heading-title elementor-size-default\">Invitacion publica_CO_024_2025_parque de la familia<\/h3>\t\t\t\t<\/div>\n\t\t\t\t<\/div>\n\t\t\t\t<div class=\"elementor-element elementor-element-a39e5ca elementor-align-center elementor-widget elementor-widget-button\" data-id=\"a39e5ca\" data-element_type=\"widget\" data-widget_type=\"button.default\">\n\t\t\t\t<div class=\"elementor-widget-container\">\n\t\t\t\t\t\t\t\t\t<div class=\"elementor-button-wrapper\">\n\t\t\t\t\t<a class=\"elementor-button elementor-button-link elementor-size-sm\" href=\"https:\/\/giracom.com.co\/giracom\/wp-content\/uploads\/2025\/11\/Invitacion-publica_CO_024_2025_parque-de-la-familia-1.pdf\" target=\"_blank\">\n\t\t\t\t\t\t<span class=\"elementor-button-content-wrapper\">\n\t\t\t\t\t\t\t\t\t<span class=\"elementor-button-text\">Ver documento<\/span>\n\t\t\t\t\t<\/span>\n\t\t\t\t\t<\/a>\n\t\t\t\t<\/div>\n\t\t\t\t\t\t\t\t<\/div>\n\t\t\t\t<\/div>\n\t\t\t\t<div class=\"elementor-element elementor-element-01c22b4 elementor-align-center elementor-widget elementor-widget-button\" data-id=\"01c22b4\" data-element_type=\"widget\" data-widget_type=\"button.default\">\n\t\t\t\t<div class=\"elementor-widget-container\">\n\t\t\t\t\t\t\t\t\t<div class=\"elementor-button-wrapper\">\n\t\t\t\t\t<a class=\"elementor-button elementor-button-link elementor-size-sm\" href=\"https:\/\/giracom.com.co\/giracom\/wp-content\/uploads\/2025\/11\/FORMATO-DE-VISITA.docx\">\n\t\t\t\t\t\t<span class=\"elementor-button-content-wrapper\">\n\t\t\t\t\t\t\t\t\t<span class=\"elementor-button-text\">Formatos <\/span>\n\t\t\t\t\t<\/span>\n\t\t\t\t\t<\/a>\n\t\t\t\t<\/div>\n\t\t\t\t\t\t\t\t<\/div>\n\t\t\t\t<\/div>\n\t\t\t\t<div class=\"elementor-element elementor-element-9f7afec elementor-align-center elementor-widget elementor-widget-button\" data-id=\"9f7afec\" data-element_type=\"widget\" data-widget_type=\"button.default\">\n\t\t\t\t<div class=\"elementor-widget-container\">\n\t\t\t\t\t\t\t\t\t<div class=\"elementor-button-wrapper\">\n\t\t\t\t\t<a class=\"elementor-button elementor-button-link elementor-size-sm\" href=\"https:\/\/giracom.com.co\/giracom\/wp-content\/uploads\/2025\/12\/proceso-IP-CO-024.zip\">\n\t\t\t\t\t\t<span class=\"elementor-button-content-wrapper\">\n\t\t\t\t\t\t\t\t\t<span class=\"elementor-button-text\">Descargar Anexos<\/span>\n\t\t\t\t\t<\/span>\n\t\t\t\t\t<\/a>\n\t\t\t\t<\/div>\n\t\t\t\t\t\t\t\t<\/div>\n\t\t\t\t<\/div>\n\t\t\t\t<div class=\"elementor-element elementor-element-1b79c1a elementor-align-center elementor-widget elementor-widget-button\" data-id=\"1b79c1a\" data-element_type=\"widget\" data-widget_type=\"button.default\">\n\t\t\t\t<div class=\"elementor-widget-container\">\n\t\t\t\t\t\t\t\t\t<div class=\"elementor-button-wrapper\">\n\t\t\t\t\t<a class=\"elementor-button elementor-button-link elementor-size-sm\" href=\"https:\/\/giracom.com.co\/giracom\/wp-content\/uploads\/2025\/12\/ACTA-DE-SUSPENSION.pdf\">\n\t\t\t\t\t\t<span class=\"elementor-button-content-wrapper\">\n\t\t\t\t\t\t\t\t\t<span class=\"elementor-button-text\">Acta de suspensi\u00f3n proceso<\/span>\n\t\t\t\t\t<\/span>\n\t\t\t\t\t<\/a>\n\t\t\t\t<\/div>\n\t\t\t\t\t\t\t\t<\/div>\n\t\t\t\t<\/div>\n\t\t\t\t<div class=\"elementor-element elementor-element-87afe8c elementor-align-center elementor-widget elementor-widget-button\" data-id=\"87afe8c\" data-element_type=\"widget\" data-widget_type=\"button.default\">\n\t\t\t\t<div class=\"elementor-widget-container\">\n\t\t\t\t\t\t\t\t\t<div class=\"elementor-button-wrapper\">\n\t\t\t\t\t<a class=\"elementor-button elementor-button-link elementor-size-sm\" href=\"https:\/\/giracom.com.co\/giracom\/wp-content\/uploads\/2025\/12\/terminacion-anormal-1.pdf\">\n\t\t\t\t\t\t<span class=\"elementor-button-content-wrapper\">\n\t\t\t\t\t\t<span class=\"elementor-button-icon\">\n\t\t\t\t<i aria-hidden=\"true\" class=\"far fa-clipboard\"><\/i>\t\t\t<\/span>\n\t\t\t\t\t\t\t\t\t<span class=\"elementor-button-text\">Acta de Terminaci\u00f3n Anormal<\/span>\n\t\t\t\t\t<\/span>\n\t\t\t\t\t<\/a>\n\t\t\t\t<\/div>\n\t\t\t\t\t\t\t\t<\/div>\n\t\t\t\t<\/div>\n\t\t\t\t<div class=\"elementor-element elementor-element-9ef8506 elementor-widget elementor-widget-image\" data-id=\"9ef8506\" data-element_type=\"widget\" data-widget_type=\"image.default\">\n\t\t\t\t<div class=\"elementor-widget-container\">\n\t\t\t\t\t\t\t\t\t\t\t\t\t\t\t<img fetchpriority=\"high\" decoding=\"async\" width=\"640\" height=\"360\" src=\"https:\/\/giracom.com.co\/giracom\/wp-content\/uploads\/2025\/11\/terri-1024x576.png\" class=\"attachment-large size-large wp-image-1348\" alt=\"\" srcset=\"https:\/\/giracom.com.co\/giracom\/wp-content\/uploads\/2025\/11\/terri-1024x576.png 1024w, https:\/\/giracom.com.co\/giracom\/wp-content\/uploads\/2025\/11\/terri-300x169.png 300w, https:\/\/giracom.com.co\/giracom\/wp-content\/uploads\/2025\/11\/terri-768x432.png 768w, https:\/\/giracom.com.co\/giracom\/wp-content\/uploads\/2025\/11\/terri-1536x864.png 1536w, https:\/\/giracom.com.co\/giracom\/wp-content\/uploads\/2025\/11\/terri.png 1920w\" sizes=\"(max-width: 640px) 100vw, 640px\" \/>\t\t\t\t\t\t\t\t\t\t\t\t\t\t\t<\/div>\n\t\t\t\t<\/div>\n\t\t\t\t\t<\/div>\n\t\t<\/div>\n\t\t\t\t\t<\/div>\n\t\t<\/section>\n\t\t\t\t<section class=\"elementor-section elementor-top-section elementor-element elementor-element-20f27a7 elementor-section-boxed elementor-section-height-default elementor-section-height-default\" data-id=\"20f27a7\" data-element_type=\"section\">\n\t\t\t\t\t\t<div class=\"elementor-container elementor-column-gap-default\">\n\t\t\t\t\t<div class=\"elementor-column elementor-col-100 elementor-top-column elementor-element elementor-element-e53e72d\" data-id=\"e53e72d\" data-element_type=\"column\">\n\t\t\t<div class=\"elementor-widget-wrap elementor-element-populated\">\n\t\t\t\t\t\t<div class=\"elementor-element elementor-element-ef272e2 elementor-widget elementor-widget-text-editor\" data-id=\"ef272e2\" data-element_type=\"widget\" data-widget_type=\"text-editor.default\">\n\t\t\t\t<div class=\"elementor-widget-container\">\n\t\t\t\t\t\t\t\t\t<p>\n<table id=\"tablepress-3\" class=\"tablepress tablepress-id-3\">\n<thead>\n<tr class=\"row-1\">\n\t<th class=\"column-1\">Invitaci\u00f3n p\u00fablica<\/th><th class=\"column-2\">Objeto<\/th><th class=\"column-3\">Valor<\/th><th class=\"column-4\">Fecha<\/th><th class=\"column-5\">a\u00f1o<\/th>\n<\/tr>\n<\/thead>\n<tbody class=\"row-striping row-hover\">\n<tr class=\"row-2\">\n\t<td class=\"column-1\"><a href=\"https:\/\/giracom.com.co\/giracom\/wp-content\/uploads\/2021\/06\/INVITACION-PUBLICA-No.-002-DE-2021.pdf\">INVITACI\u00d3N PUBLICA No. 002 DE 2021<\/a><br \/>\n<br \/>\n<a href=\"https:\/\/giracom.com.co\/giracom\/wp-content\/uploads\/2021\/06\/ESTUDIOS-PREVIOS-IP-No.-002-2021.pdf\">ESTUDIOS PREVIOS IP No. 002-2021<\/a><br \/>\n<br \/>\n<a href=\"https:\/\/giracom.com.co\/giracom\/wp-content\/uploads\/2021\/07\/RESPUESTA-OBSERVACIONES.pdf\">RESPUESTA A LAS OBSERVACIONES REALIZADAS DENTRO DEL PROCESO <br \/>\n<\/a><br \/>\n<br \/>\n<a href=\"https:\/\/giracom.com.co\/giracom\/wp-content\/uploads\/2021\/07\/ACTA-DE-SUSPENSION-DEL-PROCESO-DE-INVITACION-PUBLICA-No-002-de-2021.pdf\">ACTA DE SUSPENSI\u00d3N DEL PROCESO DE INVITACI\u00d3N P\u00daBLICA No 002 de 2021<\/a><br \/>\n<br \/>\n<a href=\"https:\/\/giracom.com.co\/giracom\/wp-content\/uploads\/2021\/07\/ADENDA-01-PALMAR.pdf\">ADENDA 01 PALMAR<\/a><br \/>\n<br \/>\n<a href=\"https:\/\/giracom.com.co\/giracom\/wp-content\/uploads\/2021\/07\/ACTA-DE-AUDIENCIA-DE-ASIGNACION-DE-RIESGOS.pdf\">ACTA DE AUDIENCIA DE ASIGNACI\u00d3N DE RIESGOS<\/a><br \/>\n<br \/>\n<a href=\"https:\/\/giracom.com.co\/giracom\/wp-content\/uploads\/2021\/07\/ACTA-DE-REANUDACION-DEL-PROCESO-DE-INVITACION-PUBLICA-002-de-2021-1.pdf\">ACTA DE REANUDACI\u00d3N DEL PROCESO DE INVITACI\u00d3N P\u00daBLICA 002 de 2021<\/a><br \/>\n<br \/>\n<a href=\"https:\/\/giracom.com.co\/giracom\/wp-content\/uploads\/2021\/07\/ADENDA-02-PALMAR.pdf\">ADENDA 02 PALMAR<\/a><\/td><td class=\"column-2\">EL MEJORAMIENTO, PAVIMENTACI\u00d3N Y CONSTRUCCI\u00d3N DE OBRAS COMPLEMENTARIAS EN EL TRAMO VIAL DESDE EL SECTOR CASA VERDE DE LA VEREDA EL PALMAR HASTA EL LIMITE DEL MUNICIPIO DE GIRARDOTA CON EL MUNICIPIO DE GUARNE\u2013 ANTIOQUIA<\/td><td class=\"column-3\">$8.020.475.281<\/td><td class=\"column-4\">24 de junio<br \/>\n<br \/>\n<br \/>\n<br \/>\n01 de Julio<\/td><td class=\"column-5\">2021<br \/>\n<br \/>\n<br \/>\n<br \/>\n<br \/>\n<br \/>\n2021<\/td>\n<\/tr>\n<tr class=\"row-3\">\n\t<td class=\"column-1\"><a href=\"https:\/\/www.contratos.gov.co\/consultas\/detalleProceso.do?numConstancia=21-4-11966464&amp;g-recaptcha-response=03AGdBq26XBkAZzbzrQ0anKTiED4F0DoTU-nfX6dIxMGmuEEV869k2Q9KuJ22PYQiyQJ-tVApieYIEDNcieqwrGnnNgx44VbVY9lSt67ohliQwJLHSVVfA8smQaolQqq7glz2GXhsZcGkaC9VCjJG49MvZRcAHqRQBh7q5cXiMakq7mueqOsheeb2t_4L9M39_QJbAAC2U6KPhnQmj3ODRnslN92vVKH-QZRqxRw1c4jb04qykqcpYqWWE7J-rg46nMqZ1rhIlR5-HbOibmjYYqijXYf9N_JM9BZNBmg7IOSE2LOdS_5guS00Fw8to27aL4_wrvj8_zboFrj5yVFuKcefUihlpeKGu7CViEJQPNz8-_yFaDNNZTexeSjDujDYxw1AL-ubmGBHAs_03VCFxQ-0LyLUi0jAIf45gR5gXmCx_lniqcjPck77Y_UsVzQDoO1uTpoYvEZnfLSqonzdBbnchgebp8DIR0w\" title=\"Licitaci\u00f3n p\u00fablica 0001-2021\">Licitaci\u00f3n p\u00fablica 0001-2021<\/a><\/td><td class=\"column-2\">\u201cIMPLEMENTACI\u00d3N DE SISTEMAS DE TRATAMIENTO DE AGUAS RESIDUALES DOM\u00c9STICAS EN LA ZONA RURAL DEL MUNICIPIO DE GIRARDOTA\u201d.<\/td><td class=\"column-3\">$761.354.853<\/td><td class=\"column-4\">10 de mayo<\/td><td class=\"column-5\">2021<\/td>\n<\/tr>\n<\/tbody>\n<\/table>\n<!-- #tablepress-3 from cache --><\/p>\t\t\t\t\t\t\t\t<\/div>\n\t\t\t\t<\/div>\n\t\t\t\t\t<\/div>\n\t\t<\/div>\n\t\t\t\t\t<\/div>\n\t\t<\/section>\n\t\t\t\t<section class=\"elementor-section elementor-top-section elementor-element elementor-element-cda8578 elementor-section-boxed elementor-section-height-default elementor-section-height-default\" data-id=\"cda8578\" data-element_type=\"section\">\n\t\t\t\t\t\t<div class=\"elementor-container elementor-column-gap-default\">\n\t\t\t\t\t<div class=\"elementor-column elementor-col-100 elementor-top-column elementor-element elementor-element-da43efc\" data-id=\"da43efc\" data-element_type=\"column\">\n\t\t\t<div class=\"elementor-widget-wrap elementor-element-populated\">\n\t\t\t\t\t\t<div class=\"elementor-element elementor-element-504e665 elementor-widget-divider--view-line elementor-widget elementor-widget-divider\" data-id=\"504e665\" data-element_type=\"widget\" data-widget_type=\"divider.default\">\n\t\t\t\t<div class=\"elementor-widget-container\">\n\t\t\t\t\t\t\t<div class=\"elementor-divider\">\n\t\t\t<span class=\"elementor-divider-separator\">\n\t\t\t\t\t\t<\/span>\n\t\t<\/div>\n\t\t\t\t\t\t<\/div>\n\t\t\t\t<\/div>\n\t\t\t\t\t<\/div>\n\t\t<\/div>\n\t\t\t\t\t<\/div>\n\t\t<\/section>\n\t\t\t\t<\/div>\n\t\t","protected":false},"excerpt":{"rendered":"<p>INVITACI\u00d3N P\u00daBLICA DE OFERTAS CONTRATO DE OBRA N\u00b0 CO-028 DE 2025 Descargar Documentos INVITACI\u00d3N P\u00daBLICA DE OFERTAS CONTRATO DE OBRA N\u00ba CO-026 DE 2025. Descargar documentos Descargar Informe de evaluaci\u00f3n Invitacion publica_CO_024_2025_parque de la familia Ver documento Formatos Descargar Anexos Acta de suspensi\u00f3n proceso Acta de Terminaci\u00f3n Anormal<\/p>\n","protected":false},"author":1,"featured_media":0,"parent":0,"menu_order":0,"comment_status":"closed","ping_status":"closed","template":"","meta":{"om_disable_all_campaigns":false,"_monsterinsights_skip_tracking":false,"_monsterinsights_sitenote_active":false,"_monsterinsights_sitenote_note":"","_monsterinsights_sitenote_category":0,"footnotes":""},"class_list":["post-1159","page","type-page","status-publish","hentry"],"aioseo_notices":[],"blog_post_layout_featured_media_urls":{"thumbnail":"","full":""},"categories_names":null,"comments_number":"0","wpmagazine_modules_lite_featured_media_urls":{"thumbnail":"","cvmm-medium":"","cvmm-medium-plus":"","cvmm-portrait":"","cvmm-medium-square":"","cvmm-large":"","cvmm-small":"","full":""},"_links":{"self":[{"href":"https:\/\/giracom.com.co\/giracom\/index.php\/wp-json\/wp\/v2\/pages\/1159","targetHints":{"allow":["GET"]}}],"collection":[{"href":"https:\/\/giracom.com.co\/giracom\/index.php\/wp-json\/wp\/v2\/pages"}],"about":[{"href":"https:\/\/giracom.com.co\/giracom\/index.php\/wp-json\/wp\/v2\/types\/page"}],"author":[{"embeddable":true,"href":"https:\/\/giracom.com.co\/giracom\/index.php\/wp-json\/wp\/v2\/users\/1"}],"replies":[{"embeddable":true,"href":"https:\/\/giracom.com.co\/giracom\/index.php\/wp-json\/wp\/v2\/comments?post=1159"}],"version-history":[{"count":46,"href":"https:\/\/giracom.com.co\/giracom\/index.php\/wp-json\/wp\/v2\/pages\/1159\/revisions"}],"predecessor-version":[{"id":1426,"href":"https:\/\/giracom.com.co\/giracom\/index.php\/wp-json\/wp\/v2\/pages\/1159\/revisions\/1426"}],"wp:attachment":[{"href":"https:\/\/giracom.com.co\/giracom\/index.php\/wp-json\/wp\/v2\/media?parent=1159"}],"curies":[{"name":"wp","href":"https:\/\/api.w.org\/{rel}","templated":true}]}}