{"id":1033,"date":"2022-02-25T16:07:52","date_gmt":"2022-02-25T21:07:52","guid":{"rendered":"https:\/\/giracom.com.co\/giracom\/?page_id=1033"},"modified":"2022-02-25T16:14:21","modified_gmt":"2022-02-25T21:14:21","slug":"circulares","status":"publish","type":"page","link":"https:\/\/giracom.com.co\/giracom\/index.php\/circulares\/","title":{"rendered":"Circulares"},"content":{"rendered":"\t\t<div data-elementor-type=\"wp-page\" data-elementor-id=\"1033\" class=\"elementor elementor-1033\">\n\t\t\t\t\t\t<section class=\"elementor-section elementor-top-section elementor-element elementor-element-02feacf elementor-section-boxed elementor-section-height-default elementor-section-height-default\" data-id=\"02feacf\" data-element_type=\"section\">\n\t\t\t\t\t\t<div class=\"elementor-container elementor-column-gap-default\">\n\t\t\t\t\t<div class=\"elementor-column elementor-col-100 elementor-top-column elementor-element elementor-element-b9bb4ab\" data-id=\"b9bb4ab\" data-element_type=\"column\">\n\t\t\t<div class=\"elementor-widget-wrap elementor-element-populated\">\n\t\t\t\t\t\t<div class=\"elementor-element elementor-element-f862c48 elementor-widget elementor-widget-html\" data-id=\"f862c48\" data-element_type=\"widget\" data-widget_type=\"html.default\">\n\t\t\t\t<div class=\"elementor-widget-container\">\n\t\t\t\t\t\n<table id=\"tablepress-6\" class=\"tablepress tablepress-id-6\">\n<thead>\n<tr class=\"row-1\">\n\t<th class=\"column-1\">CIRCULAR<\/th><th class=\"column-2\">DE<\/th><th class=\"column-3\">PARA<\/th><th class=\"column-4\">ASUNDO<\/th><th class=\"column-5\">FECHA<\/th><th class=\"column-6\">A\u00d1O<\/th>\n<\/tr>\n<\/thead>\n<tbody class=\"row-striping row-hover\">\n<tr class=\"row-2\">\n\t<td class=\"column-1\"><a href=\"https:\/\/giracom.com.co\/giracom\/wp-content\/uploads\/2023\/12\/CIRCULAR-No-011-DE-2023.pdf\">CIRCULAR No 010 de 2023 <\/a><\/td><td class=\"column-2\">GIRACOM<\/td><td class=\"column-3\">TODA LA COMUNIDAD EN GENERAL.<\/td><td class=\"column-4\">AMPLIACI\u00d3N CONVOCATORIA PARA LOS PARTICIPANTES QUE QUIEREN FORMAR PARTE DE LA JUNTA DIRECTIVA DE LA EMPRESA PARA LA COMPETITIVIDAD TERRITORIAL DEL MUNICIPIO DE GIRARDOTA \u2013 GIRACOM.<\/td><td class=\"column-5\">22 DE DICIEMBRE<\/td><td class=\"column-6\">2023<\/td>\n<\/tr>\n<tr class=\"row-3\">\n\t<td class=\"column-1\"><a href=\"https:\/\/giracom.com.co\/giracom\/wp-content\/uploads\/2023\/12\/Circular-informativa-No-010-de-2023.pdf\">CIRCULAR No 010 de 2023 <\/a><\/td><td class=\"column-2\">GIRACOM<\/td><td class=\"column-3\">TODA LA COMUNIDAD EN GENERAL.<\/td><td class=\"column-4\">CONVOCATORIA PARA LOS PARTICIPANTES QUE QUIERAN FORMAR PARTE DE LA JUNTA DIRECTIVA DE LA EMPRESA PARA LA COMPETITIVIDAD TERRITORIAL DEL MUNICIPIO DE GIRARDOTA - GIRACOM<\/td><td class=\"column-5\">19 DE DICIEMBRE<\/td><td class=\"column-6\">2023<\/td>\n<\/tr>\n<tr class=\"row-4\">\n\t<td class=\"column-1\"><a href=\"https:\/\/giracom.com.co\/giracom\/wp-content\/uploads\/2022\/02\/CIRCULAR-012-DEL-25NDE-FEBRERO-2022.pdf\">CIRCULAR 012  DE 2022<\/a><\/td><td class=\"column-2\">GIRACOM<\/td><td class=\"column-3\">Proveedores y contratistas.<\/td><td class=\"column-4\">Programaci\u00f3n de recepci\u00f3n de facturaci\u00f3n<\/td><td class=\"column-5\">25 DE FEBRERO<\/td><td class=\"column-6\">2022<\/td>\n<\/tr>\n<tr class=\"row-5\">\n\t<td class=\"column-1\"><a href=\"https:\/\/giracom.com.co\/giracom\/wp-content\/uploads\/2024\/02\/CIRCULAR-02-TERRINORTE-1.pdf\">CIRCULAR 002 DEL 2024<\/a><\/td><td class=\"column-2\">GIRACOM<\/td><td class=\"column-3\">TODA LA COMUNIDAD EN GENERAL.<\/td><td class=\"column-4\">NOTIFICACI\u00d3N DE CAMBIO DE SIGLA DE LA ElCE EMPRESA PARA LA<br \/>\nCOMPETITIVIDAD TERRITORIAL DEL MUNICIPIO DE GIRARDOTA<\/td><td class=\"column-5\">2 DE FEBRERO<\/td><td class=\"column-6\">2024<\/td>\n<\/tr>\n<\/tbody>\n<\/table>\n<!-- #tablepress-6 from cache -->\t\t\t\t<\/div>\n\t\t\t\t<\/div>\n\t\t\t\t\t<\/div>\n\t\t<\/div>\n\t\t\t\t\t<\/div>\n\t\t<\/section>\n\t\t\t\t<\/div>\n\t\t","protected":false},"excerpt":{"rendered":"","protected":false},"author":1,"featured_media":0,"parent":0,"menu_order":0,"comment_status":"closed","ping_status":"closed","template":"","meta":{"om_disable_all_campaigns":false,"_monsterinsights_skip_tracking":false,"_monsterinsights_sitenote_active":false,"_monsterinsights_sitenote_note":"","_monsterinsights_sitenote_category":0,"footnotes":""},"class_list":["post-1033","page","type-page","status-publish","hentry"],"aioseo_notices":[],"blog_post_layout_featured_media_urls":{"thumbnail":"","full":""},"categories_names":null,"comments_number":"0","wpmagazine_modules_lite_featured_media_urls":{"thumbnail":"","cvmm-medium":"","cvmm-medium-plus":"","cvmm-portrait":"","cvmm-medium-square":"","cvmm-large":"","cvmm-small":"","full":""},"_links":{"self":[{"href":"https:\/\/giracom.com.co\/giracom\/index.php\/wp-json\/wp\/v2\/pages\/1033","targetHints":{"allow":["GET"]}}],"collection":[{"href":"https:\/\/giracom.com.co\/giracom\/index.php\/wp-json\/wp\/v2\/pages"}],"about":[{"href":"https:\/\/giracom.com.co\/giracom\/index.php\/wp-json\/wp\/v2\/types\/page"}],"author":[{"embeddable":true,"href":"https:\/\/giracom.com.co\/giracom\/index.php\/wp-json\/wp\/v2\/users\/1"}],"replies":[{"embeddable":true,"href":"https:\/\/giracom.com.co\/giracom\/index.php\/wp-json\/wp\/v2\/comments?post=1033"}],"version-history":[{"count":4,"href":"https:\/\/giracom.com.co\/giracom\/index.php\/wp-json\/wp\/v2\/pages\/1033\/revisions"}],"predecessor-version":[{"id":1042,"href":"https:\/\/giracom.com.co\/giracom\/index.php\/wp-json\/wp\/v2\/pages\/1033\/revisions\/1042"}],"wp:attachment":[{"href":"https:\/\/giracom.com.co\/giracom\/index.php\/wp-json\/wp\/v2\/media?parent=1033"}],"curies":[{"name":"wp","href":"https:\/\/api.w.org\/{rel}","templated":true}]}}